{"id":906,"date":"2021-08-20T13:30:39","date_gmt":"2021-08-20T13:30:39","guid":{"rendered":"http:\/\/www.glcingenieria.cl\/?page_id=906"},"modified":"2021-08-20T17:08:06","modified_gmt":"2021-08-20T17:08:06","slug":"clientes-2","status":"publish","type":"page","link":"https:\/\/www.glcingenieria.cl\/?page_id=906","title":{"rendered":"Clientes"},"content":{"rendered":"\n<div class=\"wp-block-media-text alignfull has-media-on-the-right is-stacked-on-mobile is-vertically-aligned-center is-style-default\" style=\"grid-template-columns:auto 27%\"><figure class=\"wp-block-media-text__media\"><img loading=\"lazy\" width=\"200\" height=\"70\" src=\"http:\/\/www.glcingenieria.cl\/wp-content\/uploads\/2021\/07\/1568905821154-e1627067573598.png\" alt=\"\" class=\"wp-image-579 size-full\"\/><\/figure><div class=\"wp-block-media-text__content\">\n<h4 class=\"has-text-color\" style=\"color:#000000\"><strong>TODO ACERO<\/strong><\/h4>\n\n\n\n<p class=\"has-text-color\" style=\"color:#636363;font-size:17px;line-height:1.1\">Ingenier\u00eda fabricaci\u00f3n y montaje<\/p>\n<\/div><\/div>\n\n\n\n<div class=\"wp-block-media-text alignfull has-media-on-the-right is-stacked-on-mobile is-vertically-aligned-center is-style-default\" style=\"grid-template-columns:auto 24%\"><figure class=\"wp-block-media-text__media\"><img loading=\"lazy\" width=\"500\" height=\"400\" src=\"http:\/\/www.glcingenieria.cl\/wp-content\/uploads\/2021\/07\/ks.jpg\" alt=\"\" class=\"wp-image-577 size-full\" srcset=\"https:\/\/www.glcingenieria.cl\/wp-content\/uploads\/2021\/07\/ks.jpg 500w, https:\/\/www.glcingenieria.cl\/wp-content\/uploads\/2021\/07\/ks-300x240.jpg 300w\" sizes=\"(max-width: 500px) 100vw, 500px\" \/><\/figure><div class=\"wp-block-media-text__content\">\n<h4 class=\"has-text-color\" style=\"color:#000000\"><strong>K+S<\/strong><\/h4>\n\n\n\n<p class=\"has-text-color\" style=\"color:#636363;font-size:17px;line-height:1.1\">L\u00edder mundial en la comercializaci\u00f3n de Sal<\/p>\n<\/div><\/div>\n\n\n\n<p><\/p>\n\n\n\n<div class=\"wp-block-media-text alignfull has-media-on-the-right is-stacked-on-mobile is-vertically-aligned-center is-style-default\" style=\"grid-template-columns:auto 26%\"><figure class=\"wp-block-media-text__media\"><img loading=\"lazy\" width=\"481\" height=\"199\" src=\"http:\/\/www.glcingenieria.cl\/wp-content\/uploads\/2021\/07\/7eEdCfdy-e1627067601998.jpg\" alt=\"\" class=\"wp-image-578 size-full\" srcset=\"https:\/\/www.glcingenieria.cl\/wp-content\/uploads\/2021\/07\/7eEdCfdy-e1627067601998.jpg 481w, https:\/\/www.glcingenieria.cl\/wp-content\/uploads\/2021\/07\/7eEdCfdy-e1627067601998-300x124.jpg 300w\" sizes=\"(max-width: 481px) 100vw, 481px\" \/><\/figure><div class=\"wp-block-media-text__content\">\n<h4 class=\"has-text-color\" style=\"color:#000000\"><strong>COMPA\u00d1\u00cdA MINERA DO\u00d1A IN\u00c9S DE COLLAHUASI <\/strong><\/h4>\n\n\n\n<p class=\"has-text-color\" style=\"color:#636363;font-size:17px;line-height:1.1\">Collahuasi minera dedicada a la extracci\u00f3n y producci\u00f3n de concentrado&nbsp;&nbsp;de cobre y concentrado de molibdeno<\/p>\n<\/div><\/div>\n\n\n\n<div class=\"wp-block-media-text alignfull has-media-on-the-right is-stacked-on-mobile is-vertically-aligned-center is-style-default\" style=\"grid-template-columns:auto 24%\"><figure class=\"wp-block-media-text__media\"><img loading=\"lazy\" width=\"1024\" height=\"788\" src=\"http:\/\/www.glcingenieria.cl\/wp-content\/uploads\/2021\/07\/b6004aaf43dbcfb743aa1b54a758f57d_XL-1024x788.jpg\" alt=\"\" class=\"wp-image-581 size-full\" srcset=\"https:\/\/www.glcingenieria.cl\/wp-content\/uploads\/2021\/07\/b6004aaf43dbcfb743aa1b54a758f57d_XL-1024x788.jpg 1024w, https:\/\/www.glcingenieria.cl\/wp-content\/uploads\/2021\/07\/b6004aaf43dbcfb743aa1b54a758f57d_XL-300x231.jpg 300w, https:\/\/www.glcingenieria.cl\/wp-content\/uploads\/2021\/07\/b6004aaf43dbcfb743aa1b54a758f57d_XL-768x591.jpg 768w, https:\/\/www.glcingenieria.cl\/wp-content\/uploads\/2021\/07\/b6004aaf43dbcfb743aa1b54a758f57d_XL.jpg 1100w\" sizes=\"(max-width: 1024px) 100vw, 1024px\" \/><\/figure><div class=\"wp-block-media-text__content\">\n<h4 class=\"has-text-color\" style=\"color:#000000\"><strong>AGUAS DEL ALTIPLANO <\/strong><\/h4>\n\n\n\n<p class=\"has-text-color\" style=\"color:#636363;font-size:17px;line-height:1.1\">Empresa que opera en el sector&nbsp;Aguas&nbsp;y Residuos.<\/p>\n<\/div><\/div>\n\n\n\n<div class=\"wp-block-media-text alignfull has-media-on-the-right is-stacked-on-mobile is-vertically-aligned-center is-style-default\" style=\"grid-template-columns:auto 25%\"><figure class=\"wp-block-media-text__media\"><img loading=\"lazy\" width=\"320\" height=\"182\" src=\"http:\/\/www.glcingenieria.cl\/wp-content\/uploads\/2021\/07\/c716948941ee5e00c1105ed8a982204f.png\" alt=\"\" class=\"wp-image-580 size-full\" srcset=\"https:\/\/www.glcingenieria.cl\/wp-content\/uploads\/2021\/07\/c716948941ee5e00c1105ed8a982204f.png 320w, https:\/\/www.glcingenieria.cl\/wp-content\/uploads\/2021\/07\/c716948941ee5e00c1105ed8a982204f-300x171.png 300w\" sizes=\"(max-width: 320px) 100vw, 320px\" \/><\/figure><div class=\"wp-block-media-text__content\">\n<h4 class=\"has-text-color\" style=\"color:#000000\"><strong>INMOBILIARIA ACONCAGUA<\/strong><\/h4>\n\n\n\n<p class=\"has-text-color\" style=\"color:#636363;font-size:17px;line-height:1.1\">Desarrollo y gesti\u00f3n de proyectos inmobiliarios<\/p>\n<\/div><\/div>\n\n\n\n<p><\/p>\n\n\n\n<p><\/p>\n\n\n\n<p><\/p>\n\n\n\n<p><\/p>\n\n\n\n<div class=\"wp-block-media-text alignfull has-media-on-the-right is-stacked-on-mobile is-vertically-aligned-center is-style-default\" style=\"grid-template-columns:auto 15%\"><figure class=\"wp-block-media-text__media\"><img loading=\"lazy\" width=\"400\" height=\"400\" src=\"http:\/\/www.glcingenieria.cl\/wp-content\/uploads\/2021\/07\/4AhOAfUW_400x400.jpeg\" alt=\"\" class=\"wp-image-583 size-full\" srcset=\"https:\/\/www.glcingenieria.cl\/wp-content\/uploads\/2021\/07\/4AhOAfUW_400x400.jpeg 400w, https:\/\/www.glcingenieria.cl\/wp-content\/uploads\/2021\/07\/4AhOAfUW_400x400-300x300.jpeg 300w, https:\/\/www.glcingenieria.cl\/wp-content\/uploads\/2021\/07\/4AhOAfUW_400x400-150x150.jpeg 150w\" sizes=\"(max-width: 400px) 100vw, 400px\" \/><\/figure><div class=\"wp-block-media-text__content\">\n<h4 class=\"has-text-color\" style=\"color:#000000\"><strong>SERVIU REGI\u00d3N DE TARAPAC\u00c1<\/strong><\/h4>\n\n\n\n<p class=\"has-text-color\" style=\"color:#636363;font-size:17px;line-height:1.1\">Servicio de Vivienda y Urbanismo<\/p>\n<\/div><\/div>\n\n\n\n<p><\/p>\n","protected":false},"excerpt":{"rendered":"<p>TODO ACERO Ingenier\u00eda fabricaci\u00f3n y montaje K+S L\u00edder mundial en la comercializaci\u00f3n de Sal COMPA\u00d1\u00cdA MINERA DO\u00d1A IN\u00c9S DE COLLAHUASI Collahuasi minera dedicada a la extracci\u00f3n y producci\u00f3n de concentrado&nbsp;&nbsp;de cobre y concentrado de molibdeno AGUAS DEL ALTIPLANO Empresa que opera en el sector&nbsp;Aguas&nbsp;y Residuos. INMOBILIARIA ACONCAGUA Desarrollo y gesti\u00f3n de proyectos inmobiliarios SERVIU REGI\u00d3N&hellip; <br \/> <a class=\"button small blue\" href=\"https:\/\/www.glcingenieria.cl\/?page_id=906\">Read more<\/a><\/p>\n","protected":false},"author":1,"featured_media":0,"parent":0,"menu_order":0,"comment_status":"closed","ping_status":"closed","template":"","meta":[],"_links":{"self":[{"href":"https:\/\/www.glcingenieria.cl\/index.php?rest_route=\/wp\/v2\/pages\/906"}],"collection":[{"href":"https:\/\/www.glcingenieria.cl\/index.php?rest_route=\/wp\/v2\/pages"}],"about":[{"href":"https:\/\/www.glcingenieria.cl\/index.php?rest_route=\/wp\/v2\/types\/page"}],"author":[{"embeddable":true,"href":"https:\/\/www.glcingenieria.cl\/index.php?rest_route=\/wp\/v2\/users\/1"}],"replies":[{"embeddable":true,"href":"https:\/\/www.glcingenieria.cl\/index.php?rest_route=%2Fwp%2Fv2%2Fcomments&post=906"}],"version-history":[{"count":26,"href":"https:\/\/www.glcingenieria.cl\/index.php?rest_route=\/wp\/v2\/pages\/906\/revisions"}],"predecessor-version":[{"id":944,"href":"https:\/\/www.glcingenieria.cl\/index.php?rest_route=\/wp\/v2\/pages\/906\/revisions\/944"}],"wp:attachment":[{"href":"https:\/\/www.glcingenieria.cl\/index.php?rest_route=%2Fwp%2Fv2%2Fmedia&parent=906"}],"curies":[{"name":"wp","href":"https:\/\/api.w.org\/{rel}","templated":true}]}}