{"id":604,"date":"2021-07-23T20:39:30","date_gmt":"2021-07-23T20:39:30","guid":{"rendered":"http:\/\/www.glcingenieria.cl\/?page_id=604"},"modified":"2021-08-23T14:48:13","modified_gmt":"2021-08-23T14:48:13","slug":"nuestra-empresa","status":"publish","type":"page","link":"https:\/\/www.glcingenieria.cl\/?page_id=604","title":{"rendered":"EMPRESA"},"content":{"rendered":"\n<div class=\"wp-block-group alignfull has-text-color has-background\" style=\"background-color:#fdf9ea;color:#f5f4cf\"><div class=\"wp-block-group__inner-container\">\n<div class=\"wp-block-columns alignwide are-vertically-aligned-center\">\n<div class=\"wp-block-column\" style=\"flex-basis:50%\">\n<p class=\"has-text-color\" style=\"color:#000000;font-size:30px;line-height:1.1\"><strong><em>QUIENES SOMOS<\/em><\/strong><\/p>\n<\/div>\n\n\n\n<div class=\"wp-block-column\" style=\"flex-basis:50%\">\n<hr class=\"wp-block-separator has-text-color has-background is-style-wide\" style=\"background-color:#000000;color:#000000\"\/>\n<\/div>\n<\/div>\n\n\n\n<div class=\"wp-block-columns alignwide\">\n<div class=\"wp-block-column\">\n<div class=\"wp-block-image is-style-default\"><figure class=\"aligncenter size-full is-resized\"><img loading=\"lazy\" src=\"http:\/\/www.glcingenieria.cl\/wp-content\/uploads\/2021\/07\/logo-final_photoshopCs6-1.png\" alt=\"\" class=\"wp-image-616\" width=\"343\" height=\"172\" srcset=\"https:\/\/www.glcingenieria.cl\/wp-content\/uploads\/2021\/07\/logo-final_photoshopCs6-1.png 800w, https:\/\/www.glcingenieria.cl\/wp-content\/uploads\/2021\/07\/logo-final_photoshopCs6-1-300x150.png 300w, https:\/\/www.glcingenieria.cl\/wp-content\/uploads\/2021\/07\/logo-final_photoshopCs6-1-768x384.png 768w\" sizes=\"(max-width: 343px) 100vw, 343px\" \/><\/figure><\/div>\n<\/div>\n\n\n\n<div class=\"wp-block-column\">\n<p class=\"has-text-color has-normal-font-size\" style=\"color:#000000\"><strong> Somos una empresa de ingenier\u00eda regional orientada al desarrollo industrial y civil. Entregamos servicios integrales abarcando el dise\u00f1o, an\u00e1lisis, evaluaci\u00f3n, coordinaci\u00f3n y supervisi\u00f3n de proyectos y obras de ingenier\u00eda. Otorgamos soluciones r\u00e1pidas e innovadoras que conectan a las personas y\/o servicios comprendiendo las tendencias en la industria y desarrollo de escenarios que permitan demostrar una alta adaptaci\u00f3n al cambio. <\/strong><\/p>\n<\/div>\n<\/div>\n<\/div><\/div>\n\n\n\n<p style=\"font-size:30px\"><\/p>\n\n\n\n<h2 style=\"font-size:38px;line-height:1.4\"><strong> <\/strong>                                               <\/h2>\n\n\n\n<div class=\"wp-block-columns\">\n<div class=\"wp-block-column\">\n<figure class=\"wp-block-pullquote is-style-solid-color\"><blockquote><p><strong><em>MISI\u00d3N<\/em><\/strong><\/p><\/blockquote><\/figure>\n<\/div>\n\n\n\n<div class=\"wp-block-column\">\n<figure class=\"wp-block-pullquote is-style-solid-color\"><blockquote><p><strong><em>VISI\u00d3N<\/em><\/strong><\/p><\/blockquote><\/figure>\n<\/div>\n<\/div>\n\n\n\n<p><\/p>\n\n\n\n<div class=\"wp-block-columns\">\n<div class=\"wp-block-column\">\n<p class=\"has-normal-font-size\"><strong>Proporcionar soluciones de excelencia en las diferentes \u00e1reas de la ingenier\u00eda civil, integrando las diversas especialidades que nos permitan gestionar soluciones que sean eficientes y con un alto est\u00e1ndar de calidad.<\/strong>  <\/p>\n<\/div>\n\n\n\n<div class=\"wp-block-column\">\n<p class=\"has-normal-font-size\"><strong>Ser una empresa reconocida por sus fuertes valores \u00e9ticos. Se caracteriza por la eficiencia con el cliente, entregando una atenci\u00f3n personalizada por parte de nuestro equipo de profesionales con el compromiso y dedicaci\u00f3n que permiten realizar un trabajo de excelencia.<\/strong> <\/p>\n<\/div>\n<\/div>\n\n\n\n<div class=\"wp-block-group alignfull has-background\" style=\"background-color:#f8f4e4\"><div class=\"wp-block-group__inner-container\">\n<div class=\"wp-block-columns alignwide\">\n<div class=\"wp-block-column\">\n<p style=\"font-size:25px\">     <\/p>\n\n\n\n<p class=\"has-text-align-center\" style=\"font-size:25px\"><strong>A NUESTROS CLIENTES<\/strong> <\/p>\n\n\n\n<p><\/p>\n\n\n\n<p><\/p>\n\n\n\n<p class=\"has-text-align-right\" style=\"font-size:18px\"><em><strong>&#8220;Nuestro inter\u00e9s primordial se ajusta a la relaci\u00f3n con el cliente.&#8221;<\/strong><\/em><\/p>\n\n\n\n<p><\/p>\n\n\n\n<p class=\"has-text-align-right\">Fomentamos la comunicaci\u00f3n constante mediante una participaci\u00f3n activa, la cual involucra un apoyo continuo que genera una gran alianza.<\/p>\n\n\n\n<p class=\"has-text-align-right\" style=\"font-size:18px\">Lo anterior se ve reflejado en cada etapa de los procesos, demostrado nuestro inter\u00e9s permanente, sin perder el foco a la transparencia y comunicaci\u00f3n.<\/p>\n\n\n\n<pre class=\"wp-block-verse has-text-align-right\">\n\n\n\n\n\n\n<strong>G<em>ABRIEL GALLARDO LOPEZ<\/em><\/strong>\n\n<\/pre>\n<\/div>\n\n\n\n<div class=\"wp-block-column\">\n<p><\/p>\n\n\n\n<p>  <\/p>\n\n\n\n<div class=\"wp-block-columns\">\n<div class=\"wp-block-column\" style=\"flex-basis:100%\">\n<div class=\"wp-block-image\"><figure class=\"aligncenter size-full\"><img loading=\"lazy\" width=\"421\" height=\"635\" src=\"http:\/\/www.glcingenieria.cl\/wp-content\/uploads\/2021\/07\/imagen_2021-07-23_162121.png\" alt=\"\" class=\"wp-image-605\" srcset=\"https:\/\/www.glcingenieria.cl\/wp-content\/uploads\/2021\/07\/imagen_2021-07-23_162121.png 421w, https:\/\/www.glcingenieria.cl\/wp-content\/uploads\/2021\/07\/imagen_2021-07-23_162121-199x300.png 199w\" sizes=\"(max-width: 421px) 100vw, 421px\" \/><\/figure><\/div>\n<\/div>\n<\/div>\n\n\n\n<p><\/p>\n<\/div>\n<\/div>\n<\/div><\/div>\n\n\n\n<p><\/p>\n\n\n\n<h2 class=\"alignwide has-black-color has-text-color\" style=\"font-size:30px;line-height:1.1\"><\/h2>\n\n\n\n<p class=\"has-black-color has-text-color\" style=\"font-size:30px\"><\/p>\n","protected":false},"excerpt":{"rendered":"<p>QUIENES SOMOS Somos una empresa de ingenier\u00eda regional orientada al desarrollo industrial y civil. Entregamos servicios integrales abarcando el dise\u00f1o, an\u00e1lisis, evaluaci\u00f3n, coordinaci\u00f3n y supervisi\u00f3n de proyectos y obras de ingenier\u00eda. Otorgamos soluciones r\u00e1pidas e innovadoras que conectan a las personas y\/o servicios comprendiendo las tendencias en la industria y desarrollo de escenarios que permitan&hellip; <br \/> <a class=\"button small blue\" href=\"https:\/\/www.glcingenieria.cl\/?page_id=604\">Read more<\/a><\/p>\n","protected":false},"author":1,"featured_media":0,"parent":0,"menu_order":0,"comment_status":"closed","ping_status":"closed","template":"","meta":[],"_links":{"self":[{"href":"https:\/\/www.glcingenieria.cl\/index.php?rest_route=\/wp\/v2\/pages\/604"}],"collection":[{"href":"https:\/\/www.glcingenieria.cl\/index.php?rest_route=\/wp\/v2\/pages"}],"about":[{"href":"https:\/\/www.glcingenieria.cl\/index.php?rest_route=\/wp\/v2\/types\/page"}],"author":[{"embeddable":true,"href":"https:\/\/www.glcingenieria.cl\/index.php?rest_route=\/wp\/v2\/users\/1"}],"replies":[{"embeddable":true,"href":"https:\/\/www.glcingenieria.cl\/index.php?rest_route=%2Fwp%2Fv2%2Fcomments&post=604"}],"version-history":[{"count":55,"href":"https:\/\/www.glcingenieria.cl\/index.php?rest_route=\/wp\/v2\/pages\/604\/revisions"}],"predecessor-version":[{"id":947,"href":"https:\/\/www.glcingenieria.cl\/index.php?rest_route=\/wp\/v2\/pages\/604\/revisions\/947"}],"wp:attachment":[{"href":"https:\/\/www.glcingenieria.cl\/index.php?rest_route=%2Fwp%2Fv2%2Fmedia&parent=604"}],"curies":[{"name":"wp","href":"https:\/\/api.w.org\/{rel}","templated":true}]}}