{"id":5,"date":"2017-05-03T15:10:59","date_gmt":"2017-05-03T15:10:59","guid":{"rendered":"http:\/\/www.glcingenieria.cl\/?page_id=5"},"modified":"2021-08-23T14:55:59","modified_gmt":"2021-08-23T14:55:59","slug":"one-page-express","status":"publish","type":"page","link":"https:\/\/www.glcingenieria.cl\/","title":{"rendered":"Inicio"},"content":{"rendered":"<div  data-label=\"Features\" data-id=\"features-large-icons-section\" data-category=\"features\" class=\"features-large-icons-section\" id=\"features-3\" style=\"background-color: rgb(255, 255, 255);\"> <div  class=\"gridContainer dynamic-color\"> <div  class=\"features-large-icons-textrow\"> <div  class=\"features-large-icons-textcol\" data-type=\"column\">   <\/div> <\/div> <div  class=\"features-large-icons-featrow\" data-type=\"row\"> <div  class=\"features-large-icons-featcol cp3cols cp6cols-tablet\"> <div  class=\"features-icon-container-nomargin\"><i  data-cp-fa=\"true\" class=\"font-icon-features-icon-container fa fa-bolt\"><\/i> <\/div> <h4  class=\"\">Tecnolog\u00eda  <\/h4>  <\/div> <div  class=\"features-large-icons-featcol cp3cols cp6cols-tablet\"> <div  class=\"features-icon-container-nomargin\"><i  data-cp-fa=\"true\" class=\"font-icon-features-icon-container fa fa-level-up\"><\/i> <\/div> <h4  class=\"\">Excelencia  <\/h4>  <\/div> <div  class=\"features-large-icons-featcol cp3cols cp6cols-tablet\"> <div  class=\"features-icon-container-nomargin\"><i  data-cp-fa=\"true\" class=\"font-icon-features-icon-container fa fa-handshake-o\"><\/i> <\/div> <h4  class=\"\">Compromiso  <\/h4>  <\/div> <div  class=\"features-large-icons-featcol cp3cols cp6cols-tablet\"> <div  class=\"features-icon-container-nomargin\"><i  data-cp-fa=\"true\" class=\"font-icon-features-icon-container fa fa-group\"><\/i> <\/div> <h4  class=\"\">Personas<\/h4>  <\/div> <\/div> <\/div><\/div><div  id=\"about-1\" class=\"about-big-images-section\" style=\"background-color: #ffffff;\" data-label=\"About\" data-id=\"about-big-images-section\">\n<div  class=\"\">\n<div  class=\"about-big-images-textrow\">\n<div  class=\"about-big-images-textcol\" data-type=\"column\">\n<h2  class=\"\" style=\"background-color: #ffffff; text-align: center;\">&nbsp;La Tecnolog\u00eda, Pilar fundamental en el desarrollo de nuestros proyectos<\/h2>\n<\/div>\n<\/div>\n<\/div>\n<div  class=\"about-big-images-bottomrow\">\n<div  class=\"about-big-images-leftimgcol\"><img  class=\"about-big-images-leftimg\" src=\"http:\/\/www.glcingenieria.cl\/wp-content\/uploads\/2017\/07\/WhatsApp-Image-2017-11-19-at-22.19.37.jpeg\" alt=\"\"><\/div>\n<div  class=\"about-big-images-centerimgcol\"><img  class=\"about-big-images-centerimg\" src=\"http:\/\/www.glcingenieria.cl\/wp-content\/uploads\/2017\/05\/Curso-Auxiliar-Topografia.jpg\" alt=\" \"><\/div>\n<div  class=\"about-big-images-rightimgcol\"><img  class=\"about-big-images-rightimg\" src=\"http:\/\/www.glcingenieria.cl\/wp-content\/uploads\/2017\/05\/engenharia-civil-obras.jpg\" alt=\" \"><\/div>\n<\/div>\n<\/div><div  id=\"features-6\" class=\"features-small-image-cards-section\" style=\"background-color: #f6f6f6;\" data-label=\"Features\" data-id=\"features-small-image-cards-section\" data-category=\"features\">\n<div  class=\"gridContainer\">\n<div  class=\"features-small-image-cards-textrow\">\n<div  class=\"features-small-image-cards-textcol dynamic-color\" data-type=\"column\">\n<h2  class=\"\">PRODUCTOS Y SERVICIOS<\/h2>\n\n\n<\/div>\n<\/div>\n<div  class=\"features-small-image-cards-featrow dark-text\" data-type=\"row\">\n<div  class=\"features-small-image-cards-featcol cp6cols\">\n<div  class=\"features-small-image-cards-featinnerrow flexbox-list\">\n<div  class=\"features-small-image-cards-imgcol\" style=\"background-image: url('http:\/\/www.glcingenieria.cl\/wp-content\/uploads\/2021\/07\/article_BLK360-e1627055193910.jpg');\" data-bg=\"image\"><\/div>\n<div  class=\"features-small-image-cards-featcol-feattextcol\" data-type=\"column\">\n<h4  class=\"heading103\">Servicio de Scanner para Levantamiento<\/h4>\n<p  class=\"\">Servicios de levantamientos con equipo scanner&nbsp; para levantamientos de estructuras basados en nubes de puntos. es un esc\u00e1ner l\u00e1ser compacto de im\u00e1genes que usa un tel\u00e9metro l\u00e1ser de 360\u00b0 e im\u00e1genes panor\u00e1micas de alta definici\u00f3n para crear nubes de puntos 3D.<\/p>\n\n\n<hr  class=\"features-small-image-cards-separator\">\n\n<\/div>\n<\/div>\n<\/div>\n<div  class=\"features-small-image-cards-featcol cp6cols\">\n<div  class=\"features-small-image-cards-featinnerrow flexbox-list\">\n<div  class=\"features-small-image-cards-imgcol\" style=\"background-image: url('http:\/\/www.glcingenieria.cl\/wp-content\/uploads\/2021\/07\/HTB18yIALNnaK1RjSZFBq6AW7VXan-e1627055920354.jpg');\" data-bg=\"image\"><\/div>\n<div  class=\"features-small-image-cards-featcol-feattextcol\" data-type=\"column\">\n<h4  class=\"heading103\">Servicio de Levantamientos Topogr\u00e1ficos<\/h4>\n<p  class=\"\">Servicios de levantamientos topogr\u00e1ficos. Contamos con estaci\u00f3n total,&nbsp; Realizamos levantamientos topogr\u00e1ficos, replanteos y trabajos de control.<\/p>\nEste equipo garantizar\u00e1 productividad inmediata a trav\u00e9s de herramientas de captura de datos.\n\n<hr  class=\"features-small-image-cards-separator\">\n\n<\/div>\n<\/div>\n<\/div>\n<div  class=\"features-small-image-cards-featcol cp6cols\">\n<div  class=\"features-small-image-cards-featinnerrow flexbox-list\">\n<div  class=\"features-small-image-cards-imgcol\" style=\"background-image: url('http:\/\/www.glcingenieria.cl\/wp-content\/uploads\/2021\/07\/dji-mavic-pro-850x478-1-e1627065643993.jpg');\" data-bg=\"image\"><\/div>\n<div  class=\"features-small-image-cards-featcol-feattextcol\" data-type=\"column\">\n<h4  class=\"heading103\">Servicio de Levantamientos con Dron<\/h4>\n<p  class=\"\">Contamos con servicio de grabaciones con Dron, para inspecciones t\u00e9cnicas, y levantamientos. Es posible grabar fotos y v\u00eddeos estabilizados en 3 ejes, La calidad m\u00e1xima de grabaci\u00f3n es 4K a 30 im\u00e1genes por segundo, pero tambi\u00e9n hay un interesante 1080p a 120 im\u00e1genes por segundo<\/p>\n\n\n<hr  class=\"features-small-image-cards-separator\">\n\n<\/div>\n<\/div>\n<\/div>\n<div  class=\"features-small-image-cards-featcol cp6cols\">\n<div  class=\"features-small-image-cards-featinnerrow flexbox-list\">\n<div  class=\"features-small-image-cards-imgcol\" style=\"background-image: url('http:\/\/www.glcingenieria.cl\/wp-content\/uploads\/2021\/07\/IMG_20201215_155830-scaled.jpg');\" data-bg=\"image\"><\/div>\n<div  class=\"features-small-image-cards-featcol-feattextcol\" data-type=\"column\">\n<h4  class=\"heading103\">Servicio Evaluaci\u00f3n Estructural<\/h4>\n<p  class=\"\">Realizamos el servicio de Evaluaci\u00f3n Estructural de plantas mineras, estructuras en obras y puertos de acopio entre otros. el cual consiste en realizar un an\u00e1lisis matem\u00e1tico de la estructura existente ante cargas gravitacionales y cargas s\u00edsmicas para determinar el estado actual de las estructuras.<\/p>\n\n\n<hr  class=\"features-small-image-cards-separator\">\n\n<\/div>\n<\/div>\n<\/div>\n<\/div>\n<\/div>\n<\/div><div  id=\"content-3\" class=\"content-left-image-section\" style=\"background-color: #ffffff;\" data-label=\"Content\" data-id=\"content-image-left\">\n<div  class=\"gridContainer\">\n<div  class=\"row\">\n<div  class=\"content-left-image-imgcol\" data-type=\"column\"><img  class=\"\" src=\"http:\/\/www.glcingenieria.cl\/wp-content\/uploads\/2017\/09\/21390437_10213815913289093_226467173_o.jpg\" alt=\" \"><\/div>\n<div  class=\"content-left-image-textcol\" data-type=\"column\">\n<h2  class=\"\" style=\"text-align: center;\">Proyectos Ejecutados<\/h2>\n<p  class=\"large_text\"><\/p>\n<p  class=\"MsoNormal\" style=\"text-align: center;\">Actualmente, la empresa GLC\nConsultor\u00eda e Ingenier\u00eda est\u00e1 realizando diferentes proyectos urbanos en la\nRegi\u00f3n de Tarapac\u00e1.<\/p>\n<a class=\"button blue\" href=\"http:\/\/www.glcingenieria.cl?page_id=653\" target=\"_self\" rel=\"noopener\">mas<\/a>\n\n<\/div>\n<\/div>\n<\/div>\n<\/div><div  id=\"cta-1\" class=\"cta-blue-section\" data-label=\"Call to action\" data-id=\"cta-blue-section\">\n<div  class=\"gridContainer\">\n<div  class=\"cta-blue-innerrow\">\n<div  class=\"cta-blue-textcol\">\n<h2  class=\"cta-blue-text\">s\u00edganos, demorar\u00e1 un momento<\/h2>\n<\/div>\n<div  class=\"cta-blue-btncol\"><a class=\"button transparent\" href=\"https:\/\/www.facebook.com\/ingenieria.c.iqq\" target=\"_blank\" rel=\"noopener\">facebook<\/a><\/div>\n<\/div>\n<\/div>\n<\/div><div  id=\"clients-2\" class=\"clients-strip-section\" style=\"background-color: #ffffff;\" data-label=\"Clients\" data-id=\"clients-strip-section\" data-category=\"clients\">\n<div  class=\"row_187\" data-type=\"row\" data-add-content=\"false\">\n<div  class=\"clients-strip-itemcol cp2cols\">\n<div  class=\"middle_align1\"><a class=\"\" href=\"https:\/\/www.ks-latam.com\" target=\"_blank\" rel=\"noopener\"><img  class=\"clients-strip-itemimg\" src=\"http:\/\/www.glcingenieria.cl\/wp-content\/uploads\/2021\/07\/ks.jpg\" alt=\"\"><\/a><\/div>\n<\/div>\n<div  class=\"clients-strip-itemcol cp2cols\">\n<div  class=\"middle_align1\"><a class=\"\" href=\"http:\/\/www.collahuasi.cl\" target=\"_blank\" rel=\"noopener\"><img  class=\"clients-strip-itemimg\" src=\"http:\/\/www.glcingenieria.cl\/wp-content\/uploads\/2021\/07\/7eEdCfdy-e1627067601998.jpg\" alt=\"\"><\/a><\/div>\n<\/div>\n<div  class=\"clients-strip-itemcol cp2cols\">\n<div  class=\"middle_align1\"><a class=\"\" href=\"https:\/\/www.todoacero.cl\" target=\"_blank\" rel=\"noopener\"><img  class=\"clients-strip-itemimg\" src=\"http:\/\/www.glcingenieria.cl\/wp-content\/uploads\/2021\/07\/1568905821154-e1627067573598.png\" alt=\"\"><\/a><\/div>\n<\/div>\n<div  class=\"clients-strip-itemcol cp2cols\">\n<div  class=\"middle_align1\"><a class=\"\" href=\"https:\/\/www.iaconcagua.com\" target=\"_blank\" rel=\"noopener\"><img  class=\"clients-strip-itemimg\" src=\"http:\/\/www.glcingenieria.cl\/wp-content\/uploads\/2021\/07\/c716948941ee5e00c1105ed8a982204f.png\" alt=\"\"><\/a><\/div>\n<\/div>\n<div  class=\"clients-strip-itemcol cp2cols\">\n<div  class=\"middle_align1\"><a class=\"\" href=\"https:\/\/www.aguasdelaltiplano.cl\" target=\"_blank\" rel=\"noopener\"><img  class=\"clients-strip-itemimg\" src=\"http:\/\/www.glcingenieria.cl\/wp-content\/uploads\/2021\/07\/b6004aaf43dbcfb743aa1b54a758f57d_XL.jpg\" alt=\"\"><\/a><\/div>\n<\/div>\n<div  class=\"clients-strip-itemcol cp2cols\">\n<div  class=\"middle_align1\"><a class=\"\" href=\"https:\/\/www.serviu.cl\" target=\"_blank\" rel=\"noopener\"><img  class=\"clients-strip-itemimg\" src=\"http:\/\/www.glcingenieria.cl\/wp-content\/uploads\/2021\/07\/4AhOAfUW_400x400.jpeg\" alt=\"\"><\/a><\/div>\n<\/div>\n<\/div>\n<\/div>","protected":false},"excerpt":{"rendered":"<p>Tecnolog\u00eda Excelencia Compromiso Personas &nbsp;La Tecnolog\u00eda, Pilar fundamental en el desarrollo de nuestros proyectos PRODUCTOS Y SERVICIOS Servicio de Scanner para Levantamiento Servicios de levantamientos con equipo scanner&nbsp; para levantamientos de estructuras basados en nubes de puntos. es un esc\u00e1ner l\u00e1ser compacto de im\u00e1genes que usa un tel\u00e9metro l\u00e1ser de 360\u00b0 e im\u00e1genes panor\u00e1micas de&hellip; <br \/> <a class=\"button small blue\" href=\"https:\/\/www.glcingenieria.cl\/?p=1\">Read more<\/a><\/p>\n","protected":false},"author":1,"featured_media":0,"parent":0,"menu_order":0,"comment_status":"closed","ping_status":"closed","template":"","meta":[],"_links":{"self":[{"href":"https:\/\/www.glcingenieria.cl\/index.php?rest_route=\/wp\/v2\/pages\/5"}],"collection":[{"href":"https:\/\/www.glcingenieria.cl\/index.php?rest_route=\/wp\/v2\/pages"}],"about":[{"href":"https:\/\/www.glcingenieria.cl\/index.php?rest_route=\/wp\/v2\/types\/page"}],"author":[{"embeddable":true,"href":"https:\/\/www.glcingenieria.cl\/index.php?rest_route=\/wp\/v2\/users\/1"}],"replies":[{"embeddable":true,"href":"https:\/\/www.glcingenieria.cl\/index.php?rest_route=%2Fwp%2Fv2%2Fcomments&post=5"}],"version-history":[{"count":99,"href":"https:\/\/www.glcingenieria.cl\/index.php?rest_route=\/wp\/v2\/pages\/5\/revisions"}],"predecessor-version":[{"id":903,"href":"https:\/\/www.glcingenieria.cl\/index.php?rest_route=\/wp\/v2\/pages\/5\/revisions\/903"}],"wp:attachment":[{"href":"https:\/\/www.glcingenieria.cl\/index.php?rest_route=%2Fwp%2Fv2%2Fmedia&parent=5"}],"curies":[{"name":"wp","href":"https:\/\/api.w.org\/{rel}","templated":true}]}}